{"id":506,"date":"2016-03-28T18:31:45","date_gmt":"2016-03-28T16:31:45","guid":{"rendered":"http:\/\/oficinadelperegrino.com\/?page_id=506"},"modified":"2021-07-28T15:44:58","modified_gmt":"2021-07-28T13:44:58","slug":"confraternities-in-spain","status":"publish","type":"page","link":"https:\/\/oficinadelperegrino.com\/en\/preparation\/confraternities-in-spain\/","title":{"rendered":"Confraternities in Spain"},"content":{"rendered":"<p>[vc_row css_animation=&#8221;&#8221; row_type=&#8221;row&#8221; use_row_as_full_screen_section=&#8221;no&#8221; type=&#8221;full_width&#8221; angled_section=&#8221;no&#8221; text_align=&#8221;left&#8221; background_image_as_pattern=&#8221;without_pattern&#8221; padding_bottom=&#8221;40&#8243;][vc_column][vc_accordion active_tab=&#8221;false&#8221; collapsible=&#8221;yes&#8221; style=&#8221;boxed_accordion&#8221;][vc_accordion_tab title=&#8221;A Coru\u00f1a&#8221; title_tag=&#8221;h2&#8243;][vc_column_text]<\/p>\n<h3><strong>Cofrad\u00eda del Ap\u00f3stol Santiago de A Coru\u00f1<\/strong>a<br \/>\nParroquia de Santiago, c\/ Parrote 1, 15001 A Coru\u00f1a<br \/>\nTf. 981-205-696<br \/>\nFecha de agregaci\u00f3n: 03\/05\/1999<\/h3>\n<p>[\/vc_column_text][\/vc_accordion_tab][vc_accordion_tab title=&#8221;Alicante&#8221; title_tag=&#8221;h2&#8243;][vc_column_text]<\/p>\n<h3><strong>Cofrad\u00eda del Ap\u00f3stol Santiago de Torrevieja<\/strong><br \/>\nc\/ Torresal 5 bajo izq, 03181 Torrevieja<br \/>\nperegrinorebollo@gmail.com<br \/>\nFecha de agregaci\u00f3n 07\/10\/2009<\/h3>\n<p>[\/vc_column_text][\/vc_accordion_tab][vc_accordion_tab title=&#8221;Huelva&#8221; title_tag=&#8221;h2&#8243;][vc_column_text]<\/p>\n<h5><strong>Ilustre Hermandad de Nuestro Padre Jes\u00fas de las Penas en sus Tres Ca\u00eddas, Mar\u00eda Sant\u00edsima del Amor y del Glorioso Ap\u00f3stol Santiago de Huelva<\/strong><br \/>\nParroquia del Sagrado Coraz\u00f3n de Jes\u00fas, Puebla de Guzm\u00e1n 19, 21007 Edif. Nuestra Sra del Amor.<br \/>\nwww.trescaidashuelva.com<br \/>\nhermandadtrescaidashuelva@gmail.com<br \/>\nFecha agregaci\u00f3n: 08\/07\/2010<\/h5>\n<p>[\/vc_column_text][\/vc_accordion_tab][vc_accordion_tab title=&#8221;Le\u00f3n&#8221; title_tag=&#8221;h2&#8243;][vc_column_text]<\/p>\n<h3><strong>Cofrad\u00eda de Santiago Ap\u00f3stol de Ponferrada<\/strong><br \/>\nC\/ La iglesia 8, 24400 Ponferrada<br \/>\nTf. 987-410-970<br \/>\nFecha de agregaci\u00f3n: 20\/05\/1996<\/h3>\n<p>[\/vc_column_text][\/vc_accordion_tab][vc_accordion_tab title=&#8221;Lugo&#8221; title_tag=&#8221;h2&#8243;][vc_column_text]<\/p>\n<h3><strong>Cofrad\u00eda de Santiago Ap\u00f3stol de Lugo<\/strong><br \/>\njmabelex@gmail.com<br \/>\nFecha de agregaci\u00f3n 03\/05\/1999<\/h3>\n<p>[\/vc_column_text][\/vc_accordion_tab][vc_accordion_tab title=&#8221;Madrid&#8221; title_tag=&#8221;h2&#8243;][vc_column_text]<\/p>\n<h3><strong>Hermandad del Ap\u00f3stol Santiago de Carabanchel<\/strong><br \/>\nParroquia de San Sebasti\u00e1n Martir, Plaza de la Parroquia 1, 28025 Carabanchel<br \/>\nTf. 914-628-536<br \/>\nFecha de agregaci\u00f3n: 20\/06\/2001<\/h3>\n<h3><strong>Cofrad\u00eda del Glorioso Ap\u00f3stol Santiago de Madrid<\/strong><br \/>\nc\/ Bail\u00e9n 8, 28071 Madrid<br \/>\nFecha de agregaci\u00f3n: 25\/03\/2004<\/h3>\n<p>[\/vc_column_text][\/vc_accordion_tab][vc_accordion_tab title=&#8221;Mallorca&#8221; title_tag=&#8221;h2&#8243;][vc_column_text]<\/p>\n<h3><strong>Real y Venerable Cofrad\u00eda de Penitentes de Santiago, Sagrada Entrada Triunfal de Jes\u00fas en Jerusal\u00e9n, Sant\u00edsimo Cristo de las Siete Palabras y Mar\u00eda Sant\u00edsima de la Amargura de Palma de Mallorca<\/strong><br \/>\nApto 1478, 07080 Mallorca<br \/>\ninfo@cofradiasantiago.com<br \/>\nFecha de agregaci\u00f3n: 17\/07\/2009<\/h3>\n<p>[\/vc_column_text][\/vc_accordion_tab][vc_accordion_tab title=&#8221;Murcia&#8221; title_tag=&#8221;h2&#8243;][vc_column_text]<\/p>\n<h3><strong>Hermandad de Caballeros y Damas de Santiago<\/strong><br \/>\nc\/ Sant\u00edsimo, 1 (Parroquia), 30012 Santiago el Mayor<br \/>\nTf. 986-346-651<br \/>\nsantiagoelmayorparroquia@gmail.com<br \/>\nFecha de agregaci\u00f3n: 13\/07\/2004<\/h3>\n<p>[\/vc_column_text][\/vc_accordion_tab][vc_accordion_tab title=&#8221;Navarra&#8221; title_tag=&#8221;h2&#8243;][vc_column_text]<\/p>\n<h3><strong>Cofrad\u00eda de los Setenta de Santiago de Estella<\/strong><br \/>\nMonasterio Iranzu sn, 31200 Estella<br \/>\nTf. 948-551-562<br \/>\nFecha de agregaci\u00f3n: 23\/07\/2001<\/h3>\n<p>[\/vc_column_text][\/vc_accordion_tab][vc_accordion_tab title=&#8221;Pontevedra&#8221; title_tag=&#8221;h2&#8243;][vc_column_text]<\/p>\n<h3><strong>Cofrad\u00eda del Ap\u00f3stol Santiago de Pontevedra<\/strong><br \/>\nRua Alta 10, 36002 Pontevedra<br \/>\nTf. 986-861-056<br \/>\ncamiport@yahoo.es<br \/>\nFecha de agregaci\u00f3n: 18\/09\/2000<\/h3>\n<h3><strong>Cofrad\u00eda de Santiago de Vigo<\/strong><br \/>\nParroquia de Santiago, c\/ Garc\u00eda Barb\u00f3n sn, 36201 Vigo<br \/>\nTf. 986-490-490<br \/>\nFecha de agregaci\u00f3n: 14\/05\/2002<\/h3>\n<h3><strong>Cofrad\u00eda de Santiago de Tui e Baixo Mi\u00f1o \u2013 Iacobus<\/strong><br \/>\nAmorim- Rotea, 4, 36791 Tomi\u00f1o<br \/>\nTf. 652-896-311<br \/>\niacobustui@gmail.com<br \/>\nFecha agregaci\u00f3n: 15\/05\/2012<\/h3>\n<p>[\/vc_column_text][\/vc_accordion_tab][vc_accordion_tab title=&#8221;Sevilla&#8221; title_tag=&#8221;h2&#8243;][vc_column_text]<\/p>\n<h3><strong>Hermandad y Cofrad\u00eda de Nazarenos de Nuestro Padre Jes\u00fas de la Salud en su Entrada Triunfal en Jerusal\u00e9n, Mar\u00eda Sant\u00edsima de la Paz y Santiago Ap\u00f3stol de El Viso de Alcor<\/strong><br \/>\nc\/ Corredera 146, 41520 El Viso de Alcor<br \/>\nsecretaria.sagradaentradaviso@gmail.com<br \/>\nFecha de agregaci\u00f3n: 21\/07\/2005<\/h3>\n<h3><strong>Pontificia, Real e Ilustre Hermandad Sacramental de Santiago Ap\u00f3stol y Cofrad\u00eda de Nuestro Padre Jes\u00fas de los Remedios en el Santo Sepulcro y Nuestra Se\u00f1ora de la Soledad de Castilleja de la Cuesta<\/strong><br \/>\nc\/ En medio 31, 41950 Castilleja de la Cuesta<br \/>\nTf. 954-161-710<br \/>\nsecretaria@hermandaddesantiago.es<br \/>\nFecha de agregaci\u00f3n: 14\/12\/2005<\/h3>\n<h3><strong>Real, Ilustre, Fervorosa y Muy Antigua Hermandad de Santiago Ap\u00f3stol y Cofrad\u00eda de Nazarenos del Sant\u00edsimo Cristo del Buen Fin, Mar\u00eda Sant\u00edsima de las Angustias y San Juan Evangelista de Aznalcazar<\/strong><br \/>\nc\/ Pedro Mora 4, 41489 Aznalcazar<br \/>\nTf. 696-106-398<br \/>\nwww.hermandaddesantiago.org<br \/>\nhdadsantiago@gmail.com<br \/>\nFecha de agregaci\u00f3n: 22\/02\/2007<\/h3>\n<h3><strong>Real, Antigua y Fervorosa Hermandad Mariana y Cofrad\u00eda de Nazarenos del Sant\u00edsimo Cristo de la Humildad, Nuestra Se\u00f1ora de los Dolores, Dulce Nombre de Mar\u00eda y Santiago Ap\u00f3stol de Mairena de Alcor<\/strong><br \/>\nc\/ San Bartolom\u00e9 33, 41510 Mairena de Alcor<br \/>\nTf 955-744-852<br \/>\nwww.humildadmairena.org<br \/>\nhumildadmairena@gmail.com<br \/>\nFecha agregaci\u00f3n: 30\/12\/2011<\/h3>\n<h3><strong>Primitiva Archicofrad\u00eda Pontificia y Real Hermandad de Nazarenos de la Sagrada Entrada en Jerusal\u00e9n, Sant\u00edsimo Cristo del Amor, Nuestra Se\u00f1ora del Socorro y Santiago Ap\u00f3stol de Sevilla<\/strong><br \/>\nc\/Villegas n\u00ba 4, 41004 Sevilla<br \/>\nTf. 954-562-550<br \/>\nwww.hermandaddelamor.es<br \/>\ninfo@hermandaddelamor.es<br \/>\nFecha agregaci\u00f3n: 15\/05\/2012<\/h3>\n<p>[\/vc_column_text][\/vc_accordion_tab][vc_accordion_tab title=&#8221;Tarragona&#8221; title_tag=&#8221;h2&#8243;][vc_column_text]<\/p>\n<h3><strong>Amics del Cam\u00ed de Sant Jaume del Camp<\/strong><br \/>\nParroquia de San Joan Baptista, Pra\u00e7a Prim 8, 43301 Tarragona<br \/>\nTf 977-222-652<br \/>\nFecha de agregaci\u00f3n: 17\/07\/2009<\/h3>\n<p>[\/vc_column_text][\/vc_accordion_tab][vc_accordion_tab title=&#8221;Tenerife&#8221; title_tag=&#8221;h2&#8243;][vc_column_text]<\/p>\n<h3><strong>Cofrad\u00eda de Nuestra Se\u00f1ora de la Concepci\u00f3n y Santiago Ap\u00f3stol de la Orotava<\/strong><br \/>\nParroquia de Nuestra Se\u00f1ora de la Concepci\u00f3n, 38300 Orotava<br \/>\nwww.concepcionorotava.info<br \/>\ninfo@concepcionorota.info<br \/>\nFecha de agregaci\u00f3n: Antigua agregaci\u00f3n de 1953<\/h3>\n<p>[\/vc_column_text][\/vc_accordion_tab][vc_accordion_tab][\/vc_accordion_tab][\/vc_accordion][\/vc_column][\/vc_row]<\/p>\n","protected":false},"excerpt":{"rendered":"<p>[vc_row css_animation=&#8221;&#8221; row_type=&#8221;row&#8221; use_row_as_full_screen_section=&#8221;no&#8221; type=&#8221;full_width&#8221; angled_section=&#8221;no&#8221; text_align=&#8221;left&#8221; background_image_as_pattern=&#8221;without_pattern&#8221; padding_bottom=&#8221;40&#8243;][vc_column][vc_accordion active_tab=&#8221;false&#8221; collapsible=&#8221;yes&#8221; style=&#8221;boxed_accordion&#8221;][vc_accordion_tab title=&#8221;A Coru\u00f1a&#8221; title_tag=&#8221;h2&#8243;][vc_column_text] Cofrad\u00eda del Ap\u00f3stol Santiago de&#8230;<\/p>\n","protected":false},"author":5,"featured_media":0,"parent":484,"menu_order":0,"comment_status":"closed","ping_status":"closed","template":"","meta":{"_wp_rev_ctl_limit":""},"aioseo_notices":[],"_links":{"self":[{"href":"https:\/\/oficinadelperegrino.com\/en\/wp-json\/wp\/v2\/pages\/506"}],"collection":[{"href":"https:\/\/oficinadelperegrino.com\/en\/wp-json\/wp\/v2\/pages"}],"about":[{"href":"https:\/\/oficinadelperegrino.com\/en\/wp-json\/wp\/v2\/types\/page"}],"author":[{"embeddable":true,"href":"https:\/\/oficinadelperegrino.com\/en\/wp-json\/wp\/v2\/users\/5"}],"replies":[{"embeddable":true,"href":"https:\/\/oficinadelperegrino.com\/en\/wp-json\/wp\/v2\/comments?post=506"}],"version-history":[{"count":4,"href":"https:\/\/oficinadelperegrino.com\/en\/wp-json\/wp\/v2\/pages\/506\/revisions"}],"predecessor-version":[{"id":1069,"href":"https:\/\/oficinadelperegrino.com\/en\/wp-json\/wp\/v2\/pages\/506\/revisions\/1069"}],"up":[{"embeddable":true,"href":"https:\/\/oficinadelperegrino.com\/en\/wp-json\/wp\/v2\/pages\/484"}],"wp:attachment":[{"href":"https:\/\/oficinadelperegrino.com\/en\/wp-json\/wp\/v2\/media?parent=506"}],"curies":[{"name":"wp","href":"https:\/\/api.w.org\/{rel}","templated":true}]}}