{"id":835,"date":"2016-06-13T17:17:02","date_gmt":"2016-06-13T15:17:02","guid":{"rendered":"http:\/\/oficinadelperegrino.com\/?page_id=835"},"modified":"2022-09-01T15:45:32","modified_gmt":"2022-09-01T13:45:32","slug":"confraternities-worldwide","status":"publish","type":"page","link":"https:\/\/oficinadelperegrino.com\/en\/preparation\/confraternities-worldwide\/","title":{"rendered":"Confraternities Worldwide"},"content":{"rendered":"<p>[vc_row css_animation=&#8221;&#8221; row_type=&#8221;row&#8221; use_row_as_full_screen_section=&#8221;no&#8221; type=&#8221;full_width&#8221; angled_section=&#8221;no&#8221; text_align=&#8221;left&#8221; background_image_as_pattern=&#8221;without_pattern&#8221; padding_bottom=&#8221;40&#8243;][vc_column][vc_accordion active_tab=&#8221;false&#8221; collapsible=&#8221;yes&#8221; style=&#8221;boxed_accordion&#8221;][vc_accordion_tab title=&#8221;Alemania&#8221; title_tag=&#8221;h2&#8243;][vc_column_text]<\/p>\n<h3><strong>Beuroner Jakobuspilger Gemeinschaft<\/strong><br \/>\nErzabtei St. Martin zu Beuron, Abteistrasse 2, 88631 Beuron<br \/>\nTf 49 (0)7466\/927412<br \/>\nkontakt@via-beuronensis.de<br \/>\nFecha de agregaci\u00f3n: 23\/05\/2009<\/h3>\n<h3><strong>Schw\u00e4bische Jakobusgeselllschaft Oberdischingen<\/strong><br \/>\nHaus St. Jakobus, Kapellenberg 58-60, D-89610 Oberdischingen<br \/>\nTf. 07305\/919575<br \/>\njakobusgesellschaft@t-online.de<br \/>\ninfo@haus-st-jakobus.de<br \/>\nFecha de agregaci\u00f3n: 20\/06\/2001<\/h3>\n<h3><strong>Freundeskreis der Jakobuspilger Paderborn<\/strong><br \/>\nAm Niesenteich, 9, D- 33100 Paderborn<br \/>\nTf. 05251\/5068677<br \/>\ninfo@jakobusfreunde-paderborn.com<br \/>\nFecha de agregaci\u00f3n: 05\/06\/2002<\/h3>\n<h3><strong>St. Jakobusbruderschaft Trier<\/strong><br \/>\nKrahnenufer 19, 54290 Trier<br \/>\nsekretaer@sjb-trier.de<br \/>\nFecha de agregaci\u00f3n: 25\/03\/2004<\/h3>\n<p>[\/vc_column_text][\/vc_accordion_tab][vc_accordion_tab title=&#8221;Argentina&#8221; title_tag=&#8221;h2&#8243;][vc_column_text]<\/p>\n<h3><strong>Fraternidad de Santiago de Baradero, Buenos Aires<\/strong><br \/>\nritacco@R2dsp.com.ar<br \/>\nFecha de agregaci\u00f3n: 21\/07\/2005<\/h3>\n<h3><strong>Cofradia del Glorioso Ap\u00f3stol Santiago de Buenos Aires<\/strong><br \/>\nc\/Libertad 1245, 1\u00ba<br \/>\n1012- Buenos Aires<br \/>\nmaurob@hotmail.com<br \/>\nFecha de agregaci\u00f3n: 23\/10\/2002<\/h3>\n<h3><strong>Cofrad\u00eda de Santiago Ap\u00f3stol de Avellaneda-Lan\u00fas<\/strong><br \/>\ncofradiadesantiago@hotmail.com<br \/>\nFecha de agregaci\u00f3n: 07\/10\/2009<\/h3>\n<h3><strong>Hermandad de Santiago Ap\u00f3stol de Santiago de L\u00b4Estero <\/strong><br \/>\nspsantiago@san-pablo.com.ar<br \/>\nFecha de agregaci\u00f3n: 25\/03\/2004<\/h3>\n<h3><strong>Cofrad\u00eda de Santiago Ap\u00f3stol de Villa Gesell<\/strong><br \/>\nc\/304, N\u00ba 358, 7165 Villa Gesell<br \/>\nTf. 02255458285<br \/>\nlcastellani@gesell.com.ar<br \/>\nFecha de agregaci\u00f3n: 20\/06\/2001<\/h3>\n<p>[\/vc_column_text][\/vc_accordion_tab][vc_accordion_tab title=&#8221;Filipinas&#8221; title_tag=&#8221;h2&#8243;][vc_column_text]<\/p>\n<h3><strong>Confraternity of St. James the Great (Alabang)<\/strong><br \/>\nC\/O St. James the Great Parish, Cuenca cor. Ibaan Street, Ayala Alabang-1780<br \/>\nMuntinlupa City<br \/>\nFecha de agregaci\u00f3n: 08\/04\/2016<\/h3>\n<p>[\/vc_column_text][\/vc_accordion_tab][vc_accordion_tab title=&#8221;Francia&#8221; title_tag=&#8221;h2&#8243;][vc_column_text]<\/p>\n<h3><strong>Confrerie Saint Jacques de Compostelle de Chartres<\/strong><br \/>\n4, square du pont de sevres, 92100 Boulogne- Billancourt<br \/>\nFecha de agregaci\u00f3n: 17\/07\/2009<\/h3>\n<h3><strong>Cofrad\u00eda de Peregrinos de Santiago de Compostela de Burdeos y Gironde<\/strong><br \/>\nmichelaborde@yahoo.fr<br \/>\nFecha de agregaci\u00f3n: 02\/11\/2009<\/h3>\n<p>[\/vc_column_text][\/vc_accordion_tab][vc_accordion_tab title=&#8221;Italia&#8221; title_tag=&#8221;h2&#8243;][vc_column_text]<\/p>\n<h3><strong>Confraternita di S. Giacomo Apostolo de Nuoro<\/strong><br \/>\nParroquia del S. Cuore di Ges\u00fa, Vie Piemonte 81, Nuoro, Italia<br \/>\nFecha de agregaci\u00f3n: 17\/07\/2009<\/h3>\n<p>[\/vc_column_text][\/vc_accordion_tab][vc_accordion_tab title=&#8221;Portugal&#8221; title_tag=&#8221;h2&#8243;][vc_column_text]<\/p>\n<h3><strong>Asociaci\u00f3n Espa\u00e7o Jacobeus<\/strong><br \/>\nRua das Oliveiras 26, Edificio Junta Freg S. Vicente, 4710-302 Braga<br \/>\ngeral@jacobeus.org<br \/>\nFecha de agregaci\u00f3n: 07\/06\/2006<\/h3>\n<h3><strong>Confraria de Santiago da Parroquia de San Salvador de Grijo <\/strong><br \/>\nviriatopires@sapo.pt<br \/>\nFecha de agregaci\u00f3n: 18\/05\/2013<\/h3>\n<p>[\/vc_column_text][\/vc_accordion_tab][vc_accordion_tab title=&#8221;Suecia&#8221; title_tag=&#8221;h2&#8243;][vc_column_text]<\/p>\n<h3><strong>Cofrad\u00eda del Ap\u00f3stol Santiago en Estocolmo<\/strong><br \/>\nSantiago F\u00f6reningen ISV, L\u00f6tsj\u00f6v\u00e4gen 61- 1 TR, 17443 Sundbiberg<br \/>\npizarro.mellado@bredband.net<br \/>\nFecha de agregaci\u00f3n: 14\/05\/2002<\/h3>\n<p>[\/vc_column_text][\/vc_accordion_tab][vc_accordion_tab title=&#8221;Suiza&#8221; title_tag=&#8221;h2&#8243;][vc_column_text]<\/p>\n<h3><strong>Confrerie Saint Jacques de Lutry <\/strong><br \/>\nRue de la Croix 141, 1095 Ch- Lutry, Suiza.<br \/>\nFecha de agregaci\u00f3n: 03\/05\/1999<\/h3>\n<p>[\/vc_column_text][\/vc_accordion_tab][vc_accordion_tab title=&#8221;United Kingdom&#8221; title_tag=&#8221;h2&#8243;][vc_column_text]<\/p>\n<h3><strong>Camino Pilgrim\u2122 | Confraternity of Saint James UK<\/strong><\/h3>\n<h3>27A Blackfriars Road, London, SE1 8NY<\/h3>\n<h3>(+44) 207 928 9988 \/ of\ufb01ce@csj.org.uk<\/h3>\n<h3><a href=\"https:\/\/www.csj.org.uk\/\" target=\"_blank\" rel=\"noopener\">https:\/\/www.csj.org.uk\/<\/a><\/h3>\n<p>[\/vc_column_text][\/vc_accordion_tab][\/vc_accordion][\/vc_column][\/vc_row]<\/p>\n","protected":false},"excerpt":{"rendered":"<p>[vc_row css_animation=&#8221;&#8221; row_type=&#8221;row&#8221; use_row_as_full_screen_section=&#8221;no&#8221; type=&#8221;full_width&#8221; angled_section=&#8221;no&#8221; text_align=&#8221;left&#8221; background_image_as_pattern=&#8221;without_pattern&#8221; padding_bottom=&#8221;40&#8243;][vc_column][vc_accordion active_tab=&#8221;false&#8221; collapsible=&#8221;yes&#8221; style=&#8221;boxed_accordion&#8221;][vc_accordion_tab title=&#8221;Alemania&#8221; title_tag=&#8221;h2&#8243;][vc_column_text] Beuroner Jakobuspilger Gemeinschaft Erzabtei St. Martin&#8230;<\/p>\n","protected":false},"author":5,"featured_media":0,"parent":484,"menu_order":0,"comment_status":"closed","ping_status":"closed","template":"","meta":{"_wp_rev_ctl_limit":""},"aioseo_notices":[],"_links":{"self":[{"href":"https:\/\/oficinadelperegrino.com\/en\/wp-json\/wp\/v2\/pages\/835"}],"collection":[{"href":"https:\/\/oficinadelperegrino.com\/en\/wp-json\/wp\/v2\/pages"}],"about":[{"href":"https:\/\/oficinadelperegrino.com\/en\/wp-json\/wp\/v2\/types\/page"}],"author":[{"embeddable":true,"href":"https:\/\/oficinadelperegrino.com\/en\/wp-json\/wp\/v2\/users\/5"}],"replies":[{"embeddable":true,"href":"https:\/\/oficinadelperegrino.com\/en\/wp-json\/wp\/v2\/comments?post=835"}],"version-history":[{"count":8,"href":"https:\/\/oficinadelperegrino.com\/en\/wp-json\/wp\/v2\/pages\/835\/revisions"}],"predecessor-version":[{"id":1172,"href":"https:\/\/oficinadelperegrino.com\/en\/wp-json\/wp\/v2\/pages\/835\/revisions\/1172"}],"up":[{"embeddable":true,"href":"https:\/\/oficinadelperegrino.com\/en\/wp-json\/wp\/v2\/pages\/484"}],"wp:attachment":[{"href":"https:\/\/oficinadelperegrino.com\/en\/wp-json\/wp\/v2\/media?parent=835"}],"curies":[{"name":"wp","href":"https:\/\/api.w.org\/{rel}","templated":true}]}}